{"id":2124,"date":"2020-05-23T07:51:58","date_gmt":"2020-05-23T11:51:58","guid":{"rendered":"https:\/\/omniapackaging.ca\/sobre-nosotros\/"},"modified":"2022-11-30T20:09:16","modified_gmt":"2022-12-01T01:09:16","slug":"sobre-nosotros","status":"publish","type":"page","link":"https:\/\/www.omniapackaging.ca\/es\/sobre-nosotros\/","title":{"rendered":"Sobre nosotros"},"content":{"rendered":"\t\t<div data-elementor-type=\"wp-page\" data-elementor-id=\"2124\" class=\"elementor elementor-2124 elementor-69\">\n\t\t\t\t\t\t\t\t\t<section class=\"elementor-section elementor-top-section elementor-element elementor-element-1306810 elementor-section-boxed elementor-section-height-default elementor-section-height-default\" data-id=\"1306810\" data-element_type=\"section\" data-settings=\"{&quot;jet_parallax_layout_list&quot;:[{&quot;jet_parallax_layout_image&quot;:{&quot;url&quot;:&quot;&quot;,&quot;id&quot;:&quot;&quot;},&quot;_id&quot;:&quot;f850680&quot;,&quot;jet_parallax_layout_image_tablet&quot;:{&quot;url&quot;:&quot;&quot;,&quot;id&quot;:&quot;&quot;},&quot;jet_parallax_layout_image_mobile&quot;:{&quot;url&quot;:&quot;&quot;,&quot;id&quot;:&quot;&quot;},&quot;jet_parallax_layout_speed&quot;:{&quot;unit&quot;:&quot;%&quot;,&quot;size&quot;:50,&quot;sizes&quot;:[]},&quot;jet_parallax_layout_type&quot;:&quot;scroll&quot;,&quot;jet_parallax_layout_direction&quot;:null,&quot;jet_parallax_layout_fx_direction&quot;:null,&quot;jet_parallax_layout_z_index&quot;:&quot;&quot;,&quot;jet_parallax_layout_bg_x&quot;:50,&quot;jet_parallax_layout_bg_x_tablet&quot;:&quot;&quot;,&quot;jet_parallax_layout_bg_x_mobile&quot;:&quot;&quot;,&quot;jet_parallax_layout_bg_y&quot;:50,&quot;jet_parallax_layout_bg_y_tablet&quot;:&quot;&quot;,&quot;jet_parallax_layout_bg_y_mobile&quot;:&quot;&quot;,&quot;jet_parallax_layout_bg_size&quot;:&quot;auto&quot;,&quot;jet_parallax_layout_bg_size_tablet&quot;:&quot;&quot;,&quot;jet_parallax_layout_bg_size_mobile&quot;:&quot;&quot;,&quot;jet_parallax_layout_animation_prop&quot;:&quot;transform&quot;,&quot;jet_parallax_layout_on&quot;:[&quot;desktop&quot;,&quot;tablet&quot;]}],&quot;background_background&quot;:&quot;slideshow&quot;,&quot;background_slideshow_gallery&quot;:[{&quot;id&quot;:865,&quot;url&quot;:&quot;http:\\\/\\\/omniapackaging.ca\\\/wp-content\\\/uploads\\\/2022\\\/07\\\/IMG-20220718-WA0012.jpg&quot;}],&quot;background_slideshow_loop&quot;:&quot;yes&quot;,&quot;background_slideshow_slide_duration&quot;:5000,&quot;background_slideshow_slide_transition&quot;:&quot;fade&quot;,&quot;background_slideshow_transition_duration&quot;:500}\">\n\t\t\t\t\t\t\t<div class=\"elementor-background-overlay\"><\/div>\n\t\t\t\t\t\t\t<div class=\"elementor-container elementor-column-gap-no\">\n\t\t\t\t\t<div class=\"elementor-column elementor-col-100 elementor-top-column elementor-element elementor-element-b4d1c0e\" data-id=\"b4d1c0e\" data-element_type=\"column\">\n\t\t\t<div class=\"elementor-widget-wrap elementor-element-populated\">\n\t\t\t\t\t\t\t\t<div class=\"elementor-element elementor-element-742b24f elementor-widget elementor-widget-global elementor-global-1275 elementor-widget-heading\" data-id=\"742b24f\" data-element_type=\"widget\" data-widget_type=\"heading.default\">\n\t\t\t\t<div class=\"elementor-widget-container\">\n\t\t\t<style>\/*! elementor - v3.9.0 - 06-12-2022 *\/\n.elementor-heading-title{padding:0;margin:0;line-height:1}.elementor-widget-heading .elementor-heading-title[class*=elementor-size-]>a{color:inherit;font-size:inherit;line-height:inherit}.elementor-widget-heading .elementor-heading-title.elementor-size-small{font-size:15px}.elementor-widget-heading .elementor-heading-title.elementor-size-medium{font-size:19px}.elementor-widget-heading .elementor-heading-title.elementor-size-large{font-size:29px}.elementor-widget-heading .elementor-heading-title.elementor-size-xl{font-size:39px}.elementor-widget-heading .elementor-heading-title.elementor-size-xxl{font-size:59px}<\/style><h1 class=\"elementor-heading-title elementor-size-default\">About Omnia Packaging INC<\/h1>\t\t<\/div>\n\t\t\t\t<\/div>\n\t\t\t\t<div class=\"elementor-element elementor-element-87eef26 elementor-align-center elementor-widget elementor-widget-global elementor-global-1278 elementor-widget-raven-breadcrumbs\" data-id=\"87eef26\" data-element_type=\"widget\" data-widget_type=\"raven-breadcrumbs.default\">\n\t\t\t\t<div class=\"elementor-widget-container\">\n\t\t\t<div class=\"raven-breadcrumbs raven-breadcrumbs-default\"><div class=\"breadcrumb\">\t\t\t\t<div class=\"breadcrumb-item active\" aria-current=\"page\"><span>Home<\/span><\/div>\n\n\t\t\t\t<\/div><\/div>\t\t<\/div>\n\t\t\t\t<\/div>\n\t\t\t\t\t<\/div>\n\t\t<\/div>\n\t\t\t\t\t\t\t<\/div>\n\t\t<\/section>\n\t\t\t\t<section class=\"elementor-section elementor-top-section elementor-element elementor-element-8c3bfdc elementor-section-boxed elementor-section-height-default elementor-section-height-default\" data-id=\"8c3bfdc\" data-element_type=\"section\" data-settings=\"{&quot;jet_parallax_layout_list&quot;:[]}\">\n\t\t\t\t\t\t<div class=\"elementor-container elementor-column-gap-default\">\n\t\t\t\t\t<div class=\"elementor-column elementor-col-100 elementor-top-column elementor-element elementor-element-fa2105b\" data-id=\"fa2105b\" data-element_type=\"column\">\n\t\t\t<div class=\"elementor-widget-wrap elementor-element-populated\">\n\t\t\t\t\t\t\t\t<div class=\"elementor-element elementor-element-99772c7 elementor-widget elementor-widget-spacer\" data-id=\"99772c7\" data-element_type=\"widget\" data-widget_type=\"spacer.default\">\n\t\t\t\t<div class=\"elementor-widget-container\">\n\t\t\t<style>\/*! elementor - v3.9.0 - 06-12-2022 *\/\n.elementor-column .elementor-spacer-inner{height:var(--spacer-size)}.e-con{--container-widget-width:100%}.e-con-inner>.elementor-widget-spacer,.e-con>.elementor-widget-spacer{width:var(--container-widget-width,var(--spacer-size));--align-self:var(--container-widget-align-self,initial);--flex-shrink:0}.e-con-inner>.elementor-widget-spacer>.elementor-widget-container,.e-con-inner>.elementor-widget-spacer>.elementor-widget-container>.elementor-spacer,.e-con>.elementor-widget-spacer>.elementor-widget-container,.e-con>.elementor-widget-spacer>.elementor-widget-container>.elementor-spacer{height:100%}.e-con-inner>.elementor-widget-spacer>.elementor-widget-container>.elementor-spacer>.elementor-spacer-inner,.e-con>.elementor-widget-spacer>.elementor-widget-container>.elementor-spacer>.elementor-spacer-inner{height:var(--container-widget-height,var(--spacer-size))}<\/style>\t\t<div class=\"elementor-spacer\">\n\t\t\t<div class=\"elementor-spacer-inner\"><\/div>\n\t\t<\/div>\n\t\t\t\t<\/div>\n\t\t\t\t<\/div>\n\t\t\t\t<div class=\"elementor-element elementor-element-4644a62 elementor-widget elementor-widget-heading\" data-id=\"4644a62\" data-element_type=\"widget\" data-widget_type=\"heading.default\">\n\t\t\t\t<div class=\"elementor-widget-container\">\n\t\t\t<h2 class=\"elementor-heading-title elementor-size-default\">OMNIA PACKAGING INC<\/h2>\t\t<\/div>\n\t\t\t\t<\/div>\n\t\t\t\t<div class=\"elementor-element elementor-element-b401bc0 elementor-widget elementor-widget-text-editor\" data-id=\"b401bc0\" data-element_type=\"widget\" data-widget_type=\"text-editor.default\">\n\t\t\t\t<div class=\"elementor-widget-container\">\n\t\t\t<style>\/*! elementor - v3.9.0 - 06-12-2022 *\/\n.elementor-widget-text-editor.elementor-drop-cap-view-stacked .elementor-drop-cap{background-color:#818a91;color:#fff}.elementor-widget-text-editor.elementor-drop-cap-view-framed .elementor-drop-cap{color:#818a91;border:3px solid;background-color:transparent}.elementor-widget-text-editor:not(.elementor-drop-cap-view-default) .elementor-drop-cap{margin-top:8px}.elementor-widget-text-editor:not(.elementor-drop-cap-view-default) .elementor-drop-cap-letter{width:1em;height:1em}.elementor-widget-text-editor .elementor-drop-cap{float:left;text-align:center;line-height:1;font-size:50px}.elementor-widget-text-editor .elementor-drop-cap-letter{display:inline-block}<\/style>\t\t\t\t<p>Omnia Packaging es su proveedor integral de soluciones para el envase de alimentos sostenible e innovador en Canad\u00e1.<br \/>Somos la subsidiaria canadiense de <a href=\"https:\/\/www.grupposunino.com\/en\/\">Gruppo Sunino<\/a>, una empresa familiar bien establecida con sede en Italia, especializada en la producci\u00f3n de pl\u00e1stico por inyecci\u00f3n.<br \/><a href=\"https:\/\/www.grupposunino.com\/en\/\">Gruppo Sunino<\/a> ha estado proporcionando soluciones de envase de alimentos, accesorios deportivos y art\u00edculos promocionales durante muchas generaciones, sirviendo a varios mercados en todo el mundo, desde sus diez instalaciones de producci\u00f3n.<\/p>\n<p>Al aprovechar la experiencia y conocimientos de Gruppo Sunino: <b>Omnia Packaging<\/b> est\u00e1 bien posicionada para servir a la clientela de los sectores de productos frescos, l\u00e1cteos y confiter\u00eda (solo por nombrar algunos).<br \/>En Canad\u00e1 estaremos ofreciendo soluciones de envase en modalidades de papel y pl\u00e1stico.<\/p>\n<p>Adquirimos la exclusividad de Mustang Machinery -dise\u00f1ada y patentada en Italia- para<br \/>la producci\u00f3n y distribuci\u00f3n de Bandejas de Papel Mustang en Estados Unidos, Canad\u00e1 y M\u00e9xico.<\/p>\n<p><b>Mustang de Omnia Packaging<\/b> producir\u00e1 bandejas de papel ecosostenibles, 100% reciclables, donde no se utiliza pegamento. Nuestras bandejas son ideales para productos frescos: bayas, uvas, mini pepinos, champi\u00f1ones, tomates cherry y m\u00e1s.<\/p>\n<p><b>Omnia Plastic de Omnia Packaging<\/b> proporcionar\u00e1 envases de pl\u00e1stico inyectado con paredes m\u00e1s ecol\u00f3gicas, IML y pr\u00f3ximamente tambi\u00e9n con contenido reciclado.<\/p>\n<p>La producci\u00f3n de Omnia Plastic brindar\u00e1 un comienzo a los productores de l\u00e1cteos, dulces, sopas y salsas.<\/p>\n<p>Con una firme apuesta por modelos de negocio ecosostenibles y m\u00e9todos de producci\u00f3n innovadores,<br \/>Omnia Packaging fomenta el reciclaje posterior por parte del consumidor final.<\/p>\n<p>Desde nuestras instalaciones de vanguardia en Guelph, Ontario, Omnia Packaging est\u00e1 aqu\u00ed para satisfacer sus necesidades de envasado de alimentos. \u00bfQuiere saber m\u00e1s? No dude en ponerse en contacto y comenzar la conversaci\u00f3n. Esperamos hablar con usted sobre sus necesidades de envasado de alimentos y los tipos de soluciones que Omnia Packaging puede ofrecer.<\/p>\n\t\t\t\t\t\t<\/div>\n\t\t\t\t<\/div>\n\t\t\t\t\t<\/div>\n\t\t<\/div>\n\t\t\t\t\t\t\t<\/div>\n\t\t<\/section>\n\t\t\t\t<section class=\"elementor-section elementor-top-section elementor-element elementor-element-70bf218 elementor-section-boxed elementor-section-height-default elementor-section-height-default\" data-id=\"70bf218\" data-element_type=\"section\" data-settings=\"{&quot;jet_parallax_layout_list&quot;:[{&quot;jet_parallax_layout_image&quot;:{&quot;url&quot;:&quot;&quot;,&quot;id&quot;:&quot;&quot;},&quot;_id&quot;:&quot;4a303e8&quot;,&quot;jet_parallax_layout_image_tablet&quot;:{&quot;url&quot;:&quot;&quot;,&quot;id&quot;:&quot;&quot;},&quot;jet_parallax_layout_image_mobile&quot;:{&quot;url&quot;:&quot;&quot;,&quot;id&quot;:&quot;&quot;},&quot;jet_parallax_layout_speed&quot;:{&quot;unit&quot;:&quot;%&quot;,&quot;size&quot;:50,&quot;sizes&quot;:[]},&quot;jet_parallax_layout_type&quot;:&quot;scroll&quot;,&quot;jet_parallax_layout_direction&quot;:null,&quot;jet_parallax_layout_fx_direction&quot;:null,&quot;jet_parallax_layout_z_index&quot;:&quot;&quot;,&quot;jet_parallax_layout_bg_x&quot;:50,&quot;jet_parallax_layout_bg_x_tablet&quot;:&quot;&quot;,&quot;jet_parallax_layout_bg_x_mobile&quot;:&quot;&quot;,&quot;jet_parallax_layout_bg_y&quot;:50,&quot;jet_parallax_layout_bg_y_tablet&quot;:&quot;&quot;,&quot;jet_parallax_layout_bg_y_mobile&quot;:&quot;&quot;,&quot;jet_parallax_layout_bg_size&quot;:&quot;auto&quot;,&quot;jet_parallax_layout_bg_size_tablet&quot;:&quot;&quot;,&quot;jet_parallax_layout_bg_size_mobile&quot;:&quot;&quot;,&quot;jet_parallax_layout_animation_prop&quot;:&quot;transform&quot;,&quot;jet_parallax_layout_on&quot;:[&quot;desktop&quot;,&quot;tablet&quot;]}],&quot;background_background&quot;:&quot;classic&quot;}\">\n\t\t\t\t\t\t<div class=\"elementor-container elementor-column-gap-no\">\n\t\t\t\t\t<div class=\"elementor-column elementor-col-100 elementor-top-column elementor-element elementor-element-b11d3dc\" data-id=\"b11d3dc\" data-element_type=\"column\">\n\t\t\t<div class=\"elementor-widget-wrap elementor-element-populated\">\n\t\t\t\t\t\t\t\t<div class=\"elementor-element elementor-element-8f7b329 elementor-widget elementor-widget-heading\" data-id=\"8f7b329\" data-element_type=\"widget\" data-widget_type=\"heading.default\">\n\t\t\t\t<div class=\"elementor-widget-container\">\n\t\t\t<span class=\"elementor-heading-title elementor-size-default\">Estamos trabajando en Guelph, Ontario en una<\/span>\t\t<\/div>\n\t\t\t\t<\/div>\n\t\t\t\t<div class=\"elementor-element elementor-element-e368b1b elementor-widget elementor-widget-heading\" data-id=\"e368b1b\" data-element_type=\"widget\" data-widget_type=\"heading.default\">\n\t\t\t\t<div class=\"elementor-widget-container\">\n\t\t\t<h2 class=\"elementor-heading-title elementor-size-default\">instalaci\u00f3n de 90,000 pies cuadrados, sirviendo al <br>mercado norteamericano<\/h2>\t\t<\/div>\n\t\t\t\t<\/div>\n\t\t\t\t\t<\/div>\n\t\t<\/div>\n\t\t\t\t\t\t\t<\/div>\n\t\t<\/section>\n\t\t\t\t<section class=\"elementor-section elementor-top-section elementor-element elementor-element-f34747a elementor-section-boxed elementor-section-height-default elementor-section-height-default\" data-id=\"f34747a\" data-element_type=\"section\" data-settings=\"{&quot;jet_parallax_layout_list&quot;:[{&quot;jet_parallax_layout_image&quot;:{&quot;url&quot;:&quot;&quot;,&quot;id&quot;:&quot;&quot;},&quot;_id&quot;:&quot;4b3579e&quot;,&quot;jet_parallax_layout_image_tablet&quot;:{&quot;url&quot;:&quot;&quot;,&quot;id&quot;:&quot;&quot;},&quot;jet_parallax_layout_image_mobile&quot;:{&quot;url&quot;:&quot;&quot;,&quot;id&quot;:&quot;&quot;},&quot;jet_parallax_layout_speed&quot;:{&quot;unit&quot;:&quot;%&quot;,&quot;size&quot;:50,&quot;sizes&quot;:[]},&quot;jet_parallax_layout_type&quot;:&quot;scroll&quot;,&quot;jet_parallax_layout_direction&quot;:null,&quot;jet_parallax_layout_fx_direction&quot;:null,&quot;jet_parallax_layout_z_index&quot;:&quot;&quot;,&quot;jet_parallax_layout_bg_x&quot;:50,&quot;jet_parallax_layout_bg_x_tablet&quot;:&quot;&quot;,&quot;jet_parallax_layout_bg_x_mobile&quot;:&quot;&quot;,&quot;jet_parallax_layout_bg_y&quot;:50,&quot;jet_parallax_layout_bg_y_tablet&quot;:&quot;&quot;,&quot;jet_parallax_layout_bg_y_mobile&quot;:&quot;&quot;,&quot;jet_parallax_layout_bg_size&quot;:&quot;auto&quot;,&quot;jet_parallax_layout_bg_size_tablet&quot;:&quot;&quot;,&quot;jet_parallax_layout_bg_size_mobile&quot;:&quot;&quot;,&quot;jet_parallax_layout_animation_prop&quot;:&quot;transform&quot;,&quot;jet_parallax_layout_on&quot;:[&quot;desktop&quot;,&quot;tablet&quot;]}],&quot;background_background&quot;:&quot;classic&quot;}\">\n\t\t\t\t\t\t<div class=\"elementor-container elementor-column-gap-no\">\n\t\t\t\t\t<div class=\"elementor-column elementor-col-100 elementor-top-column elementor-element elementor-element-aed53f3\" data-id=\"aed53f3\" data-element_type=\"column\">\n\t\t\t<div class=\"elementor-widget-wrap elementor-element-populated\">\n\t\t\t\t\t\t\t\t<div class=\"elementor-element elementor-element-51487ed elementor-widget elementor-widget-spacer\" data-id=\"51487ed\" data-element_type=\"widget\" data-widget_type=\"spacer.default\">\n\t\t\t\t<div class=\"elementor-widget-container\">\n\t\t\t\t\t<div class=\"elementor-spacer\">\n\t\t\t<div class=\"elementor-spacer-inner\"><\/div>\n\t\t<\/div>\n\t\t\t\t<\/div>\n\t\t\t\t<\/div>\n\t\t\t\t<div class=\"elementor-element elementor-element-eafd2f1 elementor-widget elementor-widget-heading\" data-id=\"eafd2f1\" data-element_type=\"widget\" data-widget_type=\"heading.default\">\n\t\t\t\t<div class=\"elementor-widget-container\">\n\t\t\t<h2 class=\"elementor-heading-title elementor-size-default\">Nuestros valiosos clientes<\/h2>\t\t<\/div>\n\t\t\t\t<\/div>\n\t\t\t\t<div class=\"elementor-element elementor-element-e129e97 elementor-widget elementor-widget-jet-brands\" data-id=\"e129e97\" data-element_type=\"widget\" data-widget_type=\"jet-brands.default\">\n\t\t\t\t<div class=\"elementor-widget-container\">\n\t\t\t<div class=\"elementor-jet-brands jet-elements\"><div class=\"brands-wrap\">\n\t<div class=\"brands-list col-row\"><div class=\"brands-list__item\"><div class=\"brands-list__item-img-wrap\"><img decoding=\"async\" src=\"http:\/\/omniapackaging.ca\/wp-content\/uploads\/2022\/07\/granarolo-logo-gruppo-sunino-300x157-1.jpeg\" alt=\"granarolo-logo-gruppo-sunino-300x157\" class=\"brands-list__item-img\" loading=\"lazy\"><\/div><\/div><div class=\"brands-list__item\"><div class=\"brands-list__item-img-wrap\"><img decoding=\"async\" src=\"http:\/\/omniapackaging.ca\/wp-content\/uploads\/2022\/07\/galbani-logo-gruppo-sunino-300x157-1.jpeg\" alt=\"galbani-logo-gruppo-sunino-300x157\" class=\"brands-list__item-img\" loading=\"lazy\"><\/div><\/div><div class=\"brands-list__item\"><a class=\"brands-list__item-link\" href=\"#\"><div class=\"brands-list__item-img-wrap\"><img decoding=\"async\" src=\"http:\/\/omniapackaging.ca\/wp-content\/uploads\/2022\/07\/dimmidisi-logo-gruppo-sunino-300x157-1.jpeg\" alt=\"dimmidisi-logo-gruppo-sunino-300x157\" class=\"brands-list__item-img\" loading=\"lazy\"><\/div><\/a><\/div><div class=\"brands-list__item\"><a class=\"brands-list__item-link\" href=\"#\"><div class=\"brands-list__item-img-wrap\"><img decoding=\"async\" src=\"http:\/\/omniapackaging.ca\/wp-content\/uploads\/2022\/07\/Sterilgarda_logo-2.webp\" alt=\"Sterilgarda_logo-2\" class=\"brands-list__item-img\" loading=\"lazy\"><\/div><\/a><\/div><div class=\"brands-list__item\"><a class=\"brands-list__item-link\" href=\"#\"><div class=\"brands-list__item-img-wrap\"><img decoding=\"async\" src=\"http:\/\/omniapackaging.ca\/wp-content\/uploads\/2022\/07\/NonnoNanni.png\" alt=\"NonnoNanni\" class=\"brands-list__item-img\" loading=\"lazy\"><\/div><\/a><\/div><div class=\"brands-list__item\"><a class=\"brands-list__item-link\" href=\"#\"><div class=\"brands-list__item-img-wrap\"><img decoding=\"async\" src=\"http:\/\/omniapackaging.ca\/wp-content\/uploads\/2022\/07\/logoGioiella.png\" alt=\"logoGioiella\" class=\"brands-list__item-img\" loading=\"lazy\"><\/div><\/a><\/div><div class=\"brands-list__item\"><a class=\"brands-list__item-link\" href=\"#\"><div class=\"brands-list__item-img-wrap\"><img decoding=\"async\" src=\"http:\/\/omniapackaging.ca\/wp-content\/uploads\/2022\/07\/FattorieGarofalo.png\" alt=\"FattorieGarofalo\" class=\"brands-list__item-img\" loading=\"lazy\"><\/div><\/a><\/div><div class=\"brands-list__item\"><a class=\"brands-list__item-link\" href=\"#\"><div class=\"brands-list__item-img-wrap\"><img decoding=\"async\" src=\"http:\/\/omniapackaging.ca\/wp-content\/uploads\/2022\/07\/BerrettaPiattiFreschi.png\" alt=\"BerrettaPiattiFreschi\" class=\"brands-list__item-img\" loading=\"lazy\"><\/div><\/a><\/div><\/div><\/div><\/div>\t\t<\/div>\n\t\t\t\t<\/div>\n\t\t\t\t\t<\/div>\n\t\t<\/div>\n\t\t\t\t\t\t\t<\/div>\n\t\t<\/section>\n\t\t\t\t\t\t\t<\/div>\n\t\t","protected":false},"excerpt":{"rendered":"<p>About Omnia Packaging INC Home OMNIA PACKAGING INC Omnia Packaging es su proveedor integral de soluciones para el envase de alimentos sostenible e innovador en Canad\u00e1.Somos la subsidiaria canadiense de Gruppo Sunino, una empresa familiar bien establecida con sede en Italia, especializada en la producci\u00f3n de pl\u00e1stico por inyecci\u00f3n.Gruppo Sunino ha estado proporcionando soluciones de [&hellip;]<\/p>\n","protected":false},"author":1,"featured_media":0,"parent":0,"menu_order":0,"comment_status":"closed","ping_status":"closed","template":"full-width.php","meta":{"inline_featured_image":false,"footnotes":""},"class_list":["post-2124","page","type-page","status-publish","hentry"],"acf":[],"yoast_head":"<!-- This site is optimized with the Yoast SEO plugin v22.5 - https:\/\/yoast.com\/wordpress\/plugins\/seo\/ -->\n<title>Sobre nosotros - Omnia Packaging Inc<\/title>\n<meta name=\"robots\" content=\"index, follow, max-snippet:-1, max-image-preview:large, max-video-preview:-1\" \/>\n<link rel=\"canonical\" href=\"https:\/\/www.omniapackaging.ca\/about\/\" \/>\n<meta property=\"og:locale\" content=\"es_ES\" \/>\n<meta property=\"og:type\" content=\"article\" \/>\n<meta property=\"og:title\" content=\"Sobre nosotros - Omnia Packaging Inc\" \/>\n<meta property=\"og:description\" content=\"About Omnia Packaging INC Home OMNIA PACKAGING INC Omnia Packaging es su proveedor integral de soluciones para el envase de alimentos sostenible e innovador en Canad\u00e1.Somos la subsidiaria canadiense de Gruppo Sunino, una empresa familiar bien establecida con sede en Italia, especializada en la producci\u00f3n de pl\u00e1stico por inyecci\u00f3n.Gruppo Sunino ha estado proporcionando soluciones de [&hellip;]\" \/>\n<meta property=\"og:url\" content=\"https:\/\/www.omniapackaging.ca\/about\/\" \/>\n<meta property=\"og:site_name\" content=\"Omnia Packaging Inc\" \/>\n<meta property=\"article:modified_time\" content=\"2022-12-01T01:09:16+00:00\" \/>\n<meta property=\"og:image\" content=\"http:\/\/omniapackaging.ca\/wp-content\/uploads\/2022\/07\/granarolo-logo-gruppo-sunino-300x157-1.jpeg\" \/>\n<meta name=\"twitter:card\" content=\"summary_large_image\" \/>\n<meta name=\"twitter:label1\" content=\"Tiempo de lectura\" \/>\n\t<meta name=\"twitter:data1\" content=\"2 minutos\" \/>\n<script type=\"application\/ld+json\" class=\"yoast-schema-graph\">{\"@context\":\"https:\/\/schema.org\",\"@graph\":[{\"@type\":\"WebPage\",\"@id\":\"https:\/\/www.omniapackaging.ca\/about\/\",\"url\":\"https:\/\/www.omniapackaging.ca\/about\/\",\"name\":\"Sobre nosotros - Omnia Packaging Inc\",\"isPartOf\":{\"@id\":\"https:\/\/www.omniapackaging.ca\/#website\"},\"primaryImageOfPage\":{\"@id\":\"https:\/\/www.omniapackaging.ca\/about\/#primaryimage\"},\"image\":{\"@id\":\"https:\/\/www.omniapackaging.ca\/about\/#primaryimage\"},\"thumbnailUrl\":\"http:\/\/omniapackaging.ca\/wp-content\/uploads\/2022\/07\/granarolo-logo-gruppo-sunino-300x157-1.jpeg\",\"datePublished\":\"2020-05-23T11:51:58+00:00\",\"dateModified\":\"2022-12-01T01:09:16+00:00\",\"breadcrumb\":{\"@id\":\"https:\/\/www.omniapackaging.ca\/about\/#breadcrumb\"},\"inLanguage\":\"es\",\"potentialAction\":[{\"@type\":\"ReadAction\",\"target\":[\"https:\/\/www.omniapackaging.ca\/about\/\"]}]},{\"@type\":\"ImageObject\",\"inLanguage\":\"es\",\"@id\":\"https:\/\/www.omniapackaging.ca\/about\/#primaryimage\",\"url\":\"http:\/\/omniapackaging.ca\/wp-content\/uploads\/2022\/07\/granarolo-logo-gruppo-sunino-300x157-1.jpeg\",\"contentUrl\":\"http:\/\/omniapackaging.ca\/wp-content\/uploads\/2022\/07\/granarolo-logo-gruppo-sunino-300x157-1.jpeg\"},{\"@type\":\"BreadcrumbList\",\"@id\":\"https:\/\/www.omniapackaging.ca\/about\/#breadcrumb\",\"itemListElement\":[{\"@type\":\"ListItem\",\"position\":1,\"name\":\"Home\",\"item\":\"https:\/\/www.omniapackaging.ca\/\"},{\"@type\":\"ListItem\",\"position\":2,\"name\":\"Sobre nosotros\"}]},{\"@type\":\"WebSite\",\"@id\":\"https:\/\/www.omniapackaging.ca\/#website\",\"url\":\"https:\/\/www.omniapackaging.ca\/\",\"name\":\"Omnia Packaging Inc\",\"description\":\"We Craft Packaging Solutions\",\"potentialAction\":[{\"@type\":\"SearchAction\",\"target\":{\"@type\":\"EntryPoint\",\"urlTemplate\":\"https:\/\/www.omniapackaging.ca\/?s={search_term_string}\"},\"query-input\":\"required name=search_term_string\"}],\"inLanguage\":\"es\"}]}<\/script>\n<!-- \/ Yoast SEO plugin. -->","yoast_head_json":{"title":"Sobre nosotros - Omnia Packaging Inc","robots":{"index":"index","follow":"follow","max-snippet":"max-snippet:-1","max-image-preview":"max-image-preview:large","max-video-preview":"max-video-preview:-1"},"canonical":"https:\/\/www.omniapackaging.ca\/about\/","og_locale":"es_ES","og_type":"article","og_title":"Sobre nosotros - Omnia Packaging Inc","og_description":"About Omnia Packaging INC Home OMNIA PACKAGING INC Omnia Packaging es su proveedor integral de soluciones para el envase de alimentos sostenible e innovador en Canad\u00e1.Somos la subsidiaria canadiense de Gruppo Sunino, una empresa familiar bien establecida con sede en Italia, especializada en la producci\u00f3n de pl\u00e1stico por inyecci\u00f3n.Gruppo Sunino ha estado proporcionando soluciones de [&hellip;]","og_url":"https:\/\/www.omniapackaging.ca\/about\/","og_site_name":"Omnia Packaging Inc","article_modified_time":"2022-12-01T01:09:16+00:00","og_image":[{"url":"http:\/\/omniapackaging.ca\/wp-content\/uploads\/2022\/07\/granarolo-logo-gruppo-sunino-300x157-1.jpeg"}],"twitter_card":"summary_large_image","twitter_misc":{"Tiempo de lectura":"2 minutos"},"schema":{"@context":"https:\/\/schema.org","@graph":[{"@type":"WebPage","@id":"https:\/\/www.omniapackaging.ca\/about\/","url":"https:\/\/www.omniapackaging.ca\/about\/","name":"Sobre nosotros - Omnia Packaging Inc","isPartOf":{"@id":"https:\/\/www.omniapackaging.ca\/#website"},"primaryImageOfPage":{"@id":"https:\/\/www.omniapackaging.ca\/about\/#primaryimage"},"image":{"@id":"https:\/\/www.omniapackaging.ca\/about\/#primaryimage"},"thumbnailUrl":"http:\/\/omniapackaging.ca\/wp-content\/uploads\/2022\/07\/granarolo-logo-gruppo-sunino-300x157-1.jpeg","datePublished":"2020-05-23T11:51:58+00:00","dateModified":"2022-12-01T01:09:16+00:00","breadcrumb":{"@id":"https:\/\/www.omniapackaging.ca\/about\/#breadcrumb"},"inLanguage":"es","potentialAction":[{"@type":"ReadAction","target":["https:\/\/www.omniapackaging.ca\/about\/"]}]},{"@type":"ImageObject","inLanguage":"es","@id":"https:\/\/www.omniapackaging.ca\/about\/#primaryimage","url":"http:\/\/omniapackaging.ca\/wp-content\/uploads\/2022\/07\/granarolo-logo-gruppo-sunino-300x157-1.jpeg","contentUrl":"http:\/\/omniapackaging.ca\/wp-content\/uploads\/2022\/07\/granarolo-logo-gruppo-sunino-300x157-1.jpeg"},{"@type":"BreadcrumbList","@id":"https:\/\/www.omniapackaging.ca\/about\/#breadcrumb","itemListElement":[{"@type":"ListItem","position":1,"name":"Home","item":"https:\/\/www.omniapackaging.ca\/"},{"@type":"ListItem","position":2,"name":"Sobre nosotros"}]},{"@type":"WebSite","@id":"https:\/\/www.omniapackaging.ca\/#website","url":"https:\/\/www.omniapackaging.ca\/","name":"Omnia Packaging Inc","description":"We Craft Packaging Solutions","potentialAction":[{"@type":"SearchAction","target":{"@type":"EntryPoint","urlTemplate":"https:\/\/www.omniapackaging.ca\/?s={search_term_string}"},"query-input":"required name=search_term_string"}],"inLanguage":"es"}]}},"_links":{"self":[{"href":"https:\/\/www.omniapackaging.ca\/es\/wp-json\/wp\/v2\/pages\/2124","targetHints":{"allow":["GET"]}}],"collection":[{"href":"https:\/\/www.omniapackaging.ca\/es\/wp-json\/wp\/v2\/pages"}],"about":[{"href":"https:\/\/www.omniapackaging.ca\/es\/wp-json\/wp\/v2\/types\/page"}],"author":[{"embeddable":true,"href":"https:\/\/www.omniapackaging.ca\/es\/wp-json\/wp\/v2\/users\/1"}],"replies":[{"embeddable":true,"href":"https:\/\/www.omniapackaging.ca\/es\/wp-json\/wp\/v2\/comments?post=2124"}],"version-history":[{"count":1,"href":"https:\/\/www.omniapackaging.ca\/es\/wp-json\/wp\/v2\/pages\/2124\/revisions"}],"predecessor-version":[{"id":2125,"href":"https:\/\/www.omniapackaging.ca\/es\/wp-json\/wp\/v2\/pages\/2124\/revisions\/2125"}],"wp:attachment":[{"href":"https:\/\/www.omniapackaging.ca\/es\/wp-json\/wp\/v2\/media?parent=2124"}],"curies":[{"name":"wp","href":"https:\/\/api.w.org\/{rel}","templated":true}]}}